{"id":7,"date":"2020-03-24T10:29:11","date_gmt":"2020-03-24T10:29:11","guid":{"rendered":"https:\/\/lokal365.de\/?page_id=7"},"modified":"2020-03-26T15:00:58","modified_gmt":"2020-03-26T15:00:58","slug":"home","status":"publish","type":"page","link":"https:\/\/lokal365.de\/","title":{"rendered":"Home"},"content":{"rendered":"<p>[et_pb_section fb_built=&#8220;1&#8243; _builder_version=&#8220;4.4.1&#8243; background_color=&#8220;#d98932&#8243; custom_padding=&#8220;0px||0px|||&#8220;][et_pb_row column_structure=&#8220;2_5,3_5&#8243; _builder_version=&#8220;4.4.1&#8243; custom_padding=&#8220;0px|||||&#8220;][et_pb_column type=&#8220;2_5&#8243; _builder_version=&#8220;4.4.1&#8243;][et_pb_image src=&#8220;https:\/\/lokal365.de\/wp-content\/uploads\/2020\/03\/Logo365_Header.png&#8220; _builder_version=&#8220;4.4.1&#8243; background_color=&#8220;#ffffff&#8220; width=&#8220;52%&#8220; custom_margin=&#8220;||0px|||&#8220;][\/et_pb_image][\/et_pb_column][et_pb_column type=&#8220;3_5&#8243; _builder_version=&#8220;4.4.1&#8243;][et_pb_text disabled_on=&#8220;on|on|off&#8220; _builder_version=&#8220;4.4.1&#8243; width=&#8220;141.9%&#8220; custom_margin=&#8220;|||-208px||&#8220; custom_padding=&#8220;75px|239px|28px|195px||&#8220; inline_fonts=&#8220;Lato&#8220;]<\/p>\n<h2 style=\"text-align: center;\"><span style=\"font-size: xx-large; color: #ffffff;\"><strong><span style=\"font-family: Lato;\">Lokale K\u00fcche schnell bestellt.<\/span><\/strong><\/span><\/h2>\n<p>[\/et_pb_text][\/et_pb_column][\/et_pb_row][\/et_pb_section][et_pb_section fb_built=&#8220;1&#8243; _builder_version=&#8220;4.4.1&#8243; min_height=&#8220;196px&#8220; custom_margin=&#8220;-28px|||||&#8220; custom_padding=&#8220;57px||4px|||&#8220;][et_pb_row _builder_version=&#8220;4.4.1&#8243;][et_pb_column type=&#8220;4_4&#8243; _builder_version=&#8220;4.4.1&#8243;][et_pb_text _builder_version=&#8220;4.4.1&#8243; min_height=&#8220;59px&#8220; custom_padding=&#8220;||29px|||&#8220;]<\/p>\n<p>Your content goes here. Edit or remove this text inline or in the module Content settings. You can also style every aspect of this content in the module Design settings and even apply custom CSS to this text in the module Advanced settings.<\/p>\n<p>[\/et_pb_text][\/et_pb_column][\/et_pb_row][\/et_pb_section][et_pb_section fb_built=&#8220;1&#8243; _builder_version=&#8220;4.4.1&#8243; min_height=&#8220;412px&#8220; custom_margin=&#8220;||0px|||&#8220; custom_padding=&#8220;66px||56px|||&#8220; top_divider_color=&#8220;#d98932&#8243; bottom_divider_style=&#8220;slant2&#8243; bottom_divider_color=&#8220;#d98932&#8243;][et_pb_row column_structure=&#8220;1_3,1_3,1_3&#8243; _builder_version=&#8220;4.4.1&#8243; custom_margin=&#8220;-29px|auto||auto||&#8220; custom_padding=&#8220;57px||127px|||&#8220;][et_pb_column type=&#8220;1_3&#8243; _builder_version=&#8220;4.4.1&#8243;][et_pb_image src=&#8220;data:image\/svg+xml;base64,PHN2ZyB3aWR0aD0iMTA4MCIgaGVpZ2h0PSI1NDAiIHZpZXdCb3g9IjAgMCAxMDgwIDU0MCIgeG1sbnM9Imh0dHA6Ly93d3cudzMub3JnLzIwMDAvc3ZnIj4KICAgIDxnIGZpbGw9Im5vbmUiIGZpbGwtcnVsZT0iZXZlbm9kZCI+CiAgICAgICAgPHBhdGggZmlsbD0iI0VCRUJFQiIgZD0iTTAgMGgxMDgwdjU0MEgweiIvPgogICAgICAgIDxwYXRoIGQ9Ik00NDUuNjQ5IDU0MGgtOTguOTk1TDE0NC42NDkgMzM3Ljk5NSAwIDQ4Mi42NDR2LTk4Ljk5NWwxMTYuMzY1LTExNi4zNjVjMTUuNjItMTUuNjIgNDAuOTQ3LTE1LjYyIDU2LjU2OCAwTDQ0NS42NSA1NDB6IiBmaWxsLW9wYWNpdHk9Ii4xIiBmaWxsPSIjMDAwIiBmaWxsLXJ1bGU9Im5vbnplcm8iLz4KICAgICAgICA8Y2lyY2xlIGZpbGwtb3BhY2l0eT0iLjA1IiBmaWxsPSIjMDAwIiBjeD0iMzMxIiBjeT0iMTQ4IiByPSI3MCIvPgogICAgICAgIDxwYXRoIGQ9Ik0xMDgwIDM3OXYxMTMuMTM3TDcyOC4xNjIgMTQwLjMgMzI4LjQ2MiA1NDBIMjE1LjMyNEw2OTkuODc4IDU1LjQ0NmMxNS42Mi0xNS42MiA0MC45NDgtMTUuNjIgNTYuNTY4IDBMMTA4MCAzNzl6IiBmaWxsLW9wYWNpdHk9Ii4yIiBmaWxsPSIjMDAwIiBmaWxsLXJ1bGU9Im5vbnplcm8iLz4KICAgIDwvZz4KPC9zdmc+Cg==&#8220; url=&#8220;https:\/\/ilios.lokal365.de\/de\/&#8220; _builder_version=&#8220;4.4.1&#8243;][\/et_pb_image][et_pb_text _builder_version=&#8220;4.4.1&#8243; custom_padding=&#8220;||0px|||&#8220;]<\/p>\n<p style=\"text-align: center;\">Men\u00fc, Liefergebiet, Mindestbestellwert<\/p>\n<p>[\/et_pb_text][\/et_pb_column][et_pb_column type=&#8220;1_3&#8243; _builder_version=&#8220;4.4.1&#8243;][et_pb_image src=&#8220;data:image\/svg+xml;base64,PHN2ZyB3aWR0aD0iMTA4MCIgaGVpZ2h0PSI1NDAiIHZpZXdCb3g9IjAgMCAxMDgwIDU0MCIgeG1sbnM9Imh0dHA6Ly93d3cudzMub3JnLzIwMDAvc3ZnIj4KICAgIDxnIGZpbGw9Im5vbmUiIGZpbGwtcnVsZT0iZXZlbm9kZCI+CiAgICAgICAgPHBhdGggZmlsbD0iI0VCRUJFQiIgZD0iTTAgMGgxMDgwdjU0MEgweiIvPgogICAgICAgIDxwYXRoIGQ9Ik00NDUuNjQ5IDU0MGgtOTguOTk1TDE0NC42NDkgMzM3Ljk5NSAwIDQ4Mi42NDR2LTk4Ljk5NWwxMTYuMzY1LTExNi4zNjVjMTUuNjItMTUuNjIgNDAuOTQ3LTE1LjYyIDU2LjU2OCAwTDQ0NS42NSA1NDB6IiBmaWxsLW9wYWNpdHk9Ii4xIiBmaWxsPSIjMDAwIiBmaWxsLXJ1bGU9Im5vbnplcm8iLz4KICAgICAgICA8Y2lyY2xlIGZpbGwtb3BhY2l0eT0iLjA1IiBmaWxsPSIjMDAwIiBjeD0iMzMxIiBjeT0iMTQ4IiByPSI3MCIvPgogICAgICAgIDxwYXRoIGQ9Ik0xMDgwIDM3OXYxMTMuMTM3TDcyOC4xNjIgMTQwLjMgMzI4LjQ2MiA1NDBIMjE1LjMyNEw2OTkuODc4IDU1LjQ0NmMxNS42Mi0xNS42MiA0MC45NDgtMTUuNjIgNTYuNTY4IDBMMTA4MCAzNzl6IiBmaWxsLW9wYWNpdHk9Ii4yIiBmaWxsPSIjMDAwIiBmaWxsLXJ1bGU9Im5vbnplcm8iLz4KICAgIDwvZz4KPC9zdmc+Cg==&#8220; _builder_version=&#8220;4.4.1&#8243;][\/et_pb_image][et_pb_text _builder_version=&#8220;4.4.1&#8243;]<\/p>\n<p style=\"text-align: center;\">Men\u00fc, Liefergebiet, Mindestbestellwert<\/p>\n<p>[\/et_pb_text][\/et_pb_column][et_pb_column type=&#8220;1_3&#8243; _builder_version=&#8220;4.4.1&#8243;][et_pb_image src=&#8220;data:image\/svg+xml;base64,PHN2ZyB3aWR0aD0iMTA4MCIgaGVpZ2h0PSI1NDAiIHZpZXdCb3g9IjAgMCAxMDgwIDU0MCIgeG1sbnM9Imh0dHA6Ly93d3cudzMub3JnLzIwMDAvc3ZnIj4KICAgIDxnIGZpbGw9Im5vbmUiIGZpbGwtcnVsZT0iZXZlbm9kZCI+CiAgICAgICAgPHBhdGggZmlsbD0iI0VCRUJFQiIgZD0iTTAgMGgxMDgwdjU0MEgweiIvPgogICAgICAgIDxwYXRoIGQ9Ik00NDUuNjQ5IDU0MGgtOTguOTk1TDE0NC42NDkgMzM3Ljk5NSAwIDQ4Mi42NDR2LTk4Ljk5NWwxMTYuMzY1LTExNi4zNjVjMTUuNjItMTUuNjIgNDAuOTQ3LTE1LjYyIDU2LjU2OCAwTDQ0NS42NSA1NDB6IiBmaWxsLW9wYWNpdHk9Ii4xIiBmaWxsPSIjMDAwIiBmaWxsLXJ1bGU9Im5vbnplcm8iLz4KICAgICAgICA8Y2lyY2xlIGZpbGwtb3BhY2l0eT0iLjA1IiBmaWxsPSIjMDAwIiBjeD0iMzMxIiBjeT0iMTQ4IiByPSI3MCIvPgogICAgICAgIDxwYXRoIGQ9Ik0xMDgwIDM3OXYxMTMuMTM3TDcyOC4xNjIgMTQwLjMgMzI4LjQ2MiA1NDBIMjE1LjMyNEw2OTkuODc4IDU1LjQ0NmMxNS42Mi0xNS42MiA0MC45NDgtMTUuNjIgNTYuNTY4IDBMMTA4MCAzNzl6IiBmaWxsLW9wYWNpdHk9Ii4yIiBmaWxsPSIjMDAwIiBmaWxsLXJ1bGU9Im5vbnplcm8iLz4KICAgIDwvZz4KPC9zdmc+Cg==&#8220; _builder_version=&#8220;4.4.1&#8243;][\/et_pb_image][et_pb_text _builder_version=&#8220;4.4.1&#8243;]<\/p>\n<p style=\"text-align: center;\">Men\u00fc, Liefergebiet, Mindestbestellwert<\/p>\n<p>[\/et_pb_text][\/et_pb_column][\/et_pb_row][\/et_pb_section][et_pb_section fb_built=&#8220;1&#8243; _builder_version=&#8220;4.4.1&#8243; background_color=&#8220;#d98932&#8243; min_height=&#8220;159px&#8220; custom_margin=&#8220;||-78px|||&#8220; custom_padding=&#8220;||36px|||&#8220;][et_pb_row column_structure=&#8220;1_4,1_4,1_4,1_4&#8243; _builder_version=&#8220;4.4.1&#8243; custom_margin=&#8220;|auto|-32px|auto||&#8220; custom_padding=&#8220;0px||0px|||&#8220; width=&#8220;83.2%&#8220;][et_pb_column type=&#8220;1_4&#8243; _builder_version=&#8220;4.4.1&#8243;][et_pb_text _builder_version=&#8220;4.4.1&#8243; custom_padding=&#8220;||0px|||&#8220;]<\/p>\n<h2 style=\"text-align: center;\"><span style=\"font-size: large;\"><a href=\"http:\/\/www.lokal365.de\/kontakt\"><span style=\"color: #ffffff;\"><strong><span color=\"#ffffff\">Kontakt<\/span><\/strong><\/span><\/a><\/span><\/h2>\n<p>[\/et_pb_text][\/et_pb_column][et_pb_column type=&#8220;1_4&#8243; _builder_version=&#8220;4.4.1&#8243;][et_pb_text _builder_version=&#8220;4.4.1&#8243; custom_padding=&#8220;|1px|0px|0px||&#8220;]<\/p>\n<h2 style=\"text-align: center;\"><span style=\"font-size: large;\"><span color=\"#ffffff\" style=\"color: #ffffff;\"><b>Allgemeine Gesch\u00e4ftsbedingungen<\/b><\/span>\u00a0<\/span><\/h2>\n<p>[\/et_pb_text][\/et_pb_column][et_pb_column type=&#8220;1_4&#8243; _builder_version=&#8220;4.4.1&#8243;][et_pb_text _builder_version=&#8220;4.4.1&#8243;]<\/p>\n<h2 style=\"text-align: center;\"><span style=\"color: #ffffff; font-size: large;\"><a href=\"http:\/\/www.lokal365.de\/impressum\" style=\"color: #ffffff;\"><strong><span color=\"#ffffff\">Impressum und Datenschutz<\/span><\/strong><\/a><\/span><\/h2>\n<p>[\/et_pb_text][\/et_pb_column][et_pb_column type=&#8220;1_4&#8243; _builder_version=&#8220;4.4.1&#8243;][et_pb_text _builder_version=&#8220;4.4.1&#8243; custom_margin=&#8220;|-12px|17px|||&#8220; hover_enabled=&#8220;0&#8243; custom_padding=&#8220;|||0px||&#8220;]<\/p>\n<h2 style=\"text-align: center;\"><span style=\"color: #ffffff; font-size: large;\"><strong>Lokal365 ist ein Portal von <span style=\"text-decoration: underline;\"><span style=\"color: #ffffff;\"><a href=\"http:\/\/www.imoled.de\" style=\"color: #ffffff; text-decoration: underline;\">imoled Andreas Will e.K.<\/a><\/span><\/span><\/strong><\/span><\/h2>\n<p>[\/et_pb_text][\/et_pb_column][\/et_pb_row][\/et_pb_section]<\/p>\n","protected":false},"excerpt":{"rendered":"<p>Lokale K\u00fcche schnell bestellt.Your content goes here. Edit or remove this text inline or in the module Content settings. You can also style every aspect of this content in the module Design settings and even apply custom CSS to this text in the module Advanced settings.Men\u00fc, Liefergebiet, MindestbestellwertMen\u00fc, Liefergebiet, MindestbestellwertMen\u00fc, Liefergebiet, MindestbestellwertKontaktAllgemeine Gesch\u00e4ftsbedingungen\u00a0Impressum und DatenschutzLokal365 [&hellip;]<\/p>\n","protected":false},"author":2,"featured_media":0,"parent":0,"menu_order":0,"comment_status":"closed","ping_status":"closed","template":"page-template-blank.php","meta":{"_et_pb_use_builder":"on","_et_pb_old_content":"","_et_gb_content_width":"","footnotes":""},"class_list":["post-7","page","type-page","status-publish","hentry"],"_links":{"self":[{"href":"https:\/\/lokal365.de\/index.php\/wp-json\/wp\/v2\/pages\/7","targetHints":{"allow":["GET"]}}],"collection":[{"href":"https:\/\/lokal365.de\/index.php\/wp-json\/wp\/v2\/pages"}],"about":[{"href":"https:\/\/lokal365.de\/index.php\/wp-json\/wp\/v2\/types\/page"}],"author":[{"embeddable":true,"href":"https:\/\/lokal365.de\/index.php\/wp-json\/wp\/v2\/users\/2"}],"replies":[{"embeddable":true,"href":"https:\/\/lokal365.de\/index.php\/wp-json\/wp\/v2\/comments?post=7"}],"version-history":[{"count":20,"href":"https:\/\/lokal365.de\/index.php\/wp-json\/wp\/v2\/pages\/7\/revisions"}],"predecessor-version":[{"id":66,"href":"https:\/\/lokal365.de\/index.php\/wp-json\/wp\/v2\/pages\/7\/revisions\/66"}],"wp:attachment":[{"href":"https:\/\/lokal365.de\/index.php\/wp-json\/wp\/v2\/media?parent=7"}],"curies":[{"name":"wp","href":"https:\/\/api.w.org\/{rel}","templated":true}]}}